{"id":14346,"date":"2025-02-06T13:06:02","date_gmt":"2025-02-06T12:06:02","guid":{"rendered":"https:\/\/urbandeli.se\/product\/regnbage-med-tryffelrisotto\/"},"modified":"2025-09-02T14:28:03","modified_gmt":"2025-09-02T12:28:03","slug":"regnbage-med-tryffelrisotto","status":"publish","type":"product","link":"https:\/\/urbandeli.se\/en\/product\/regnbage-med-tryffelrisotto\/","title":{"rendered":"Regnb\u00e5ge med tryffelrisotto"},"content":{"rendered":"<p>&nbsp;<\/p>\n<p><script src=\"chrome-extension:\/\/lopnbnfpjmgpbppclhclehhgafnifija\/aiscripts\/script-main.js\"><\/script><\/p>\n","protected":false},"excerpt":{"rendered":"<p><strong>G\u00f6r s\u00e5 h\u00e4r:<\/strong><\/p>\n<ol>\n<li>\u00a0<span class=\"fontstyle0\">Stek <\/span><span class=\"fontstyle2\">laxen i het stekpanna i lite olja, p\u00e5 skinnsidan tills <\/span><span class=\"fontstyle2\">skinnet \u00e4r krispigt. V\u00e4nd och stek hastigt p\u00e5 k\u00f6ttsidan, baka <\/span><span class=\"fontstyle2\">f\u00e4rdigt i ugn till en innertemperatur p\u00e5 ca 48-50 grader.<\/span><\/li>\n<li><span class=\"fontstyle0\">Koka upp <\/span><span class=\"fontstyle2\">0,5 dl vatten i en liten kastrull, v\u00e4nd ner risotton <\/span><span class=\"fontstyle2\">och koka f\u00e4rdig p\u00e5 l\u00e5g v\u00e4rme 2-3 min, sp\u00e4d ev. med lite <\/span><span class=\"fontstyle2\">vatten.<\/span><\/li>\n<li><span class=\"fontstyle0\">Tossa <\/span><span class=\"fontstyle2\">spenaten med lite salt och olja. <\/span><\/li>\n<li><span class=\"fontstyle0\">L\u00e4gg upp <\/span><span class=\"fontstyle2\">risotto och regnb\u00e5ge p\u00e5 varsin tallrik, toppa med b<\/span><span class=\"fontstyle2\">abyspenat och parmesan. <\/span>L\u00e4gg upp <span class=\"fontstyle2\">p\u00e5 varsin tallrik karr\u00e9 och rotfrukter servera <\/span><span class=\"fontstyle2\">med sm\u00f6ret.<\/span><\/li>\n<\/ol>\n<p><strong>Tillagningstid: 15 min.<\/strong><\/p>\n<p><script src=\"chrome-extension:\/\/lopnbnfpjmgpbppclhclehhgafnifija\/aiscripts\/script-main.js\"><\/script><\/p>\n","protected":false},"featured_media":21441,"template":"","meta":{"_acf_changed":false},"allergen":[344,341,336,337,349],"segment-gruppering":[],"viktig-information":[361,368],"product_brand":[],"product_cat":[304,328,326,325,317,323],"product_tag":[],"class_list":{"0":"post-14346","1":"product","2":"type-product","3":"status-publish","4":"has-post-thumbnail","6":"allergen-celery","7":"allergen-fish","8":"allergen-gluten-en","9":"allergen-mjolk-en","10":"allergen-sulphites","11":"viktig-information-for-2-people","12":"viktig-information-thursday-saturday","13":"product_cat-meals","14":"product_cat-dinner","15":"product_cat-dinner-boxes","16":"product_cat-fish","17":"product_cat-web-shop","18":"product_cat-weekend-bags","20":"first","21":"instock","22":"taxable","23":"shipping-taxable","24":"purchasable","25":"product-type-simple"},"acf":[],"publishpress_future_workflow_manual_trigger":{"enabledWorkflows":[]},"_links":{"self":[{"href":"https:\/\/urbandeli.se\/en\/wp-json\/wp\/v2\/product\/14346","targetHints":{"allow":["GET"]}}],"collection":[{"href":"https:\/\/urbandeli.se\/en\/wp-json\/wp\/v2\/product"}],"about":[{"href":"https:\/\/urbandeli.se\/en\/wp-json\/wp\/v2\/types\/product"}],"wp:featuredmedia":[{"embeddable":true,"href":"https:\/\/urbandeli.se\/en\/wp-json\/wp\/v2\/media\/21441"}],"wp:attachment":[{"href":"https:\/\/urbandeli.se\/en\/wp-json\/wp\/v2\/media?parent=14346"}],"wp:term":[{"taxonomy":"allergen","embeddable":true,"href":"https:\/\/urbandeli.se\/en\/wp-json\/wp\/v2\/allergen?post=14346"},{"taxonomy":"segment-gruppering","embeddable":true,"href":"https:\/\/urbandeli.se\/en\/wp-json\/wp\/v2\/segment-gruppering?post=14346"},{"taxonomy":"viktig-information","embeddable":true,"href":"https:\/\/urbandeli.se\/en\/wp-json\/wp\/v2\/viktig-information?post=14346"},{"taxonomy":"product_brand","embeddable":true,"href":"https:\/\/urbandeli.se\/en\/wp-json\/wp\/v2\/product_brand?post=14346"},{"taxonomy":"product_cat","embeddable":true,"href":"https:\/\/urbandeli.se\/en\/wp-json\/wp\/v2\/product_cat?post=14346"},{"taxonomy":"product_tag","embeddable":true,"href":"https:\/\/urbandeli.se\/en\/wp-json\/wp\/v2\/product_tag?post=14346"}],"curies":[{"name":"wp","href":"https:\/\/api.w.org\/{rel}","templated":true}]}}