{"id":17437,"date":"2024-12-20T11:38:41","date_gmt":"2024-12-20T11:38:41","guid":{"rendered":"https:\/\/urbandeli.se\/webbutik\/varukorg\/"},"modified":"2026-02-23T11:57:45","modified_gmt":"2026-02-23T10:57:45","slug":"varukorg","status":"publish","type":"page","link":"https:\/\/urbandeli.se\/en\/onlinestore\/varukorg\/","title":{"rendered":"Varukorg"},"content":{"rendered":"\t\t<div data-elementor-type=\"wp-page\" data-elementor-id=\"17437\" class=\"elementor elementor-17437 elementor-7572\" data-elementor-post-type=\"page\">\n\t\t\t\t<div class=\"elementor-element elementor-element-20dc278 e-flex e-con-boxed e-con e-parent\" data-id=\"20dc278\" data-element_type=\"container\" data-e-type=\"container\">\n\t\t\t\t\t<div class=\"e-con-inner\">\n\t\t\t\t<div class=\"elementor-element elementor-element-f0964f5 elementor-widget elementor-widget-heading\" data-id=\"f0964f5\" data-element_type=\"widget\" data-e-type=\"widget\" data-widget_type=\"heading.default\">\n\t\t\t\t\t<h1 class=\"elementor-heading-title elementor-size-default\">Varukorg<\/h1>\t\t\t\t<\/div>\n\t\t\t\t<div class=\"elementor-element elementor-element-8383ac2 elementor-widget__width-initial elementor-widget elementor-widget-text-editor\" data-id=\"8383ac2\" data-element_type=\"widget\" data-e-type=\"widget\" id=\"varukorg-text\" data-widget_type=\"text-editor.default\">\n\t\t\t\t\t\t\t\t\t<p>Hej! Vad kul att du handlar fr\u00e5n oss! H\u00e4r \u00e4r din varukorg. Avh\u00e4mtning av best\u00e4llda varor sker just nu enbart fr\u00e5n Urban Deli Sveav\u00e4gen. Har du best\u00e4llt cateringprodukter, fyll i ditt postnummer f\u00f6r att ber\u00e4kna dina leveransalternativ. Kontakta oss p\u00e5 <strong><a href=\"mailto:webbutik@urbandeli.se\">webbutik@urbandeli.se<\/a><\/strong>!<\/p>\n\t\t\t\t\t\t\t\t<\/div>\n\t\t\t\t\t<\/div>\n\t\t\t\t<\/div>\n\t\t<div class=\"elementor-element elementor-element-cac44f9 e-flex e-con-boxed e-con e-parent\" data-id=\"cac44f9\" data-element_type=\"container\" data-e-type=\"container\">\n\t\t\t\t\t<div class=\"e-con-inner\">\n\t\t\t\t<div class=\"elementor-element elementor-element-e3f55a4 elementor-grid-tablet-3 products-heading-show elementor-grid-mobile-2 elementor-hidden-mobile elementor-grid-4 elementor-products-grid elementor-wc-products elementor-widget elementor-widget-woocommerce-products\" data-id=\"e3f55a4\" data-element_type=\"widget\" data-e-type=\"widget\" data-widget_type=\"woocommerce-products.default\">\n\t\t\t\t<div class=\"elementor-widget-container\">\n\t\t\t\t\t<div class=\"woocommerce\"><\/div>\t\t\t\t<\/div>\n\t\t\t\t<\/div>\n\t\t\t\t\t<\/div>\n\t\t\t\t<\/div>\n\t\t\t\t<\/div>\n\t\t","protected":false},"excerpt":{"rendered":"<p>Varukorg Din varukorg \u00e4r f\u00f6r n\u00e4rvarande tom. G\u00e5 tillbaka till butiken<\/p>\n","protected":false},"author":5,"featured_media":0,"parent":17253,"menu_order":0,"comment_status":"closed","ping_status":"closed","template":"","meta":{"_acf_changed":false,"footnotes":""},"class_list":["post-17437","page","type-page","status-publish","hentry"],"acf":[],"publishpress_future_action":{"enabled":false,"date":"2026-05-12 22:12:53","action":"change-status","newStatus":"draft","terms":[],"taxonomy":"translation_priority","extraData":[]},"publishpress_future_workflow_manual_trigger":{"enabledWorkflows":[]},"_links":{"self":[{"href":"https:\/\/urbandeli.se\/en\/wp-json\/wp\/v2\/pages\/17437","targetHints":{"allow":["GET"]}}],"collection":[{"href":"https:\/\/urbandeli.se\/en\/wp-json\/wp\/v2\/pages"}],"about":[{"href":"https:\/\/urbandeli.se\/en\/wp-json\/wp\/v2\/types\/page"}],"author":[{"embeddable":true,"href":"https:\/\/urbandeli.se\/en\/wp-json\/wp\/v2\/users\/5"}],"replies":[{"embeddable":true,"href":"https:\/\/urbandeli.se\/en\/wp-json\/wp\/v2\/comments?post=17437"}],"version-history":[{"count":99,"href":"https:\/\/urbandeli.se\/en\/wp-json\/wp\/v2\/pages\/17437\/revisions"}],"predecessor-version":[{"id":30345,"href":"https:\/\/urbandeli.se\/en\/wp-json\/wp\/v2\/pages\/17437\/revisions\/30345"}],"up":[{"embeddable":true,"href":"https:\/\/urbandeli.se\/en\/wp-json\/wp\/v2\/pages\/17253"}],"wp:attachment":[{"href":"https:\/\/urbandeli.se\/en\/wp-json\/wp\/v2\/media?parent=17437"}],"curies":[{"name":"wp","href":"https:\/\/api.w.org\/{rel}","templated":true}]}}